{"id":6,"date":"2019-03-05T14:34:00","date_gmt":"2019-03-05T17:34:00","guid":{"rendered":"https:\/\/diamantesl.com\/formen\/a-diamantes\/"},"modified":"2024-07-23T18:09:31","modified_gmt":"2024-07-23T21:09:31","slug":"a-diamantes","status":"publish","type":"page","link":"https:\/\/diamantesl.com\/formen\/a-diamantes\/","title":{"rendered":"A Diamantes"},"content":{"rendered":"\r\n\r\n\r\n<div id=\"attachment_318\" style=\"width: 1034px\" class=\"wp-caption aligncenter\"><img aria-describedby=\"caption-attachment-318\" decoding=\"async\" loading=\"lazy\" class=\"wp-image-318 size-large\" src=\"https:\/\/diamantesl.com\/formen\/wp-content\/uploads\/sites\/2\/2024\/07\/foto-diamantes-1024x545.jpg\" alt=\"\" width=\"1024\" height=\"545\" srcset=\"https:\/\/diamantesl.com\/formen\/wp-content\/uploads\/sites\/2\/2024\/07\/foto-diamantes-1024x545.jpg 1024w, https:\/\/diamantesl.com\/formen\/wp-content\/uploads\/sites\/2\/2024\/07\/foto-diamantes-300x160.jpg 300w, https:\/\/diamantesl.com\/formen\/wp-content\/uploads\/sites\/2\/2024\/07\/foto-diamantes-768x409.jpg 768w, https:\/\/diamantesl.com\/formen\/wp-content\/uploads\/sites\/2\/2024\/07\/foto-diamantes.jpg 1080w\" sizes=\"(max-width: 1024px) 100vw, 1024px\" \/><p id=\"caption-attachment-318\" class=\"wp-caption-text\">Diamantes, a lingerie do Brasil. (Foto: Diamantes Lingerie)<\/p><\/div>\r\n<p><span style=\"font-weight: 400;\">Fundada em 2005 na cidade de Frecheirinha, no Cear\u00e1, o Grupo Diamantes, orgulhosamente Nordestino, det\u00e9m marcas especialistas em moda \u00edntima, fitness e Beach, com produtos para toda a fam\u00edlia, oferecendo um neg\u00f3cio de sucesso para Consultoras em todo o Brasil.\u00a0<\/span><\/p>\r\n<p>\u00a0Com uma rede de 60 mil consultoras, 5 parques industriais e mais de 50 lojas nas regi\u00f5es Norte, Nordeste e Centro-Oeste, o grupo abrange 6 marcas distintas, s\u00e3o elas: Diamantes Lingerie, Diamantes For Men, Diamantes Kids, Diamantes Beach &amp; Resort, Diamantes Fitness e Afinidades. Com mais de 60 mil consultores em todo o Brasil, oferecemos oportunidades \u00fanicas de crescimento pessoal e financeiro.\u00a0A marca oferece produtos de qualidade, al\u00e9m de estimular a independ\u00eancia financeira de milhares de mulheres, promovendo o empreendedorismo e o protagonismo feminino.<\/p>\r\n<p><img decoding=\"async\" loading=\"lazy\" class=\"aligncenter wp-image-317 size-large\" src=\"https:\/\/diamantesl.com\/formen\/wp-content\/uploads\/sites\/2\/2024\/07\/linhas-1024x545.png\" alt=\"\" width=\"1024\" height=\"545\" srcset=\"https:\/\/diamantesl.com\/formen\/wp-content\/uploads\/sites\/2\/2024\/07\/linhas-1024x545.png 1024w, https:\/\/diamantesl.com\/formen\/wp-content\/uploads\/sites\/2\/2024\/07\/linhas-300x160.png 300w, https:\/\/diamantesl.com\/formen\/wp-content\/uploads\/sites\/2\/2024\/07\/linhas-768x409.png 768w, https:\/\/diamantesl.com\/formen\/wp-content\/uploads\/sites\/2\/2024\/07\/linhas.png 1080w\" sizes=\"(max-width: 1024px) 100vw, 1024px\" \/><\/p>\r\n<h3 style=\"text-align: center;\"><b>Neg\u00f3cio<\/b><\/h3>\r\n<p style=\"text-align: center;\">Fornecer produtos que emocionam, gerando oportunidade de renda para nossos clientes.<\/p>\r\n<h3 style=\"text-align: center;\"><b>Prop\u00f3sito<\/b><\/h3>\r\n<p style=\"text-align: center;\">Encantar e transformar vidas, contribuindo para que as pessoas sejam respons\u00e1veis pela sua pr\u00f3pria hist\u00f3ria.<\/p>\r\n<h3 style=\"text-align: center;\"><b>Vis\u00e3o<\/b><\/h3>\r\n<p style=\"text-align: center;\">Ser a marca de moda \u00edntima mais admirada do Norte e Nordeste, com inova\u00e7\u00e3o e conectando pessoas apaixonadas.<\/p>\r\n<h3 style=\"text-align: center;\"><b>Valores<\/b><\/h3>\r\n<p style=\"text-align: center;\"><strong>Paix\u00e3o, <\/strong>\u00e9 o que move cada pessoa da Diamantes, conectando hist\u00f3rias, na busca de transformar vidas.<br \/><strong>Respeito, <\/strong>\u00e9 o que guia e inspira as rela\u00e7\u00f5es de confian\u00e7a entre as pessoas da Diamantes.<br \/><strong>Protagonismo,<\/strong> \u00e9 a for\u00e7a que conduz as pessoas da Diamantes a agirem de forma ativa em rela\u00e7\u00e3o \u00e0 desafios e oportunidades.<br \/><strong>Orienta\u00e7\u00e3o para o Cliente<\/strong>, \u00e9 gerar uma experi\u00eancia encantadora para uma entrega consistente de valor para os clientes Diamantes.<br \/><strong>Foco em Resultados, <\/strong>\u00e9 a determina\u00e7\u00e3o que impulsiona o crescimento sustent\u00e1vel das pessoas e da Diamantes.<\/p>\r\n<h2><b>Fundadores<\/b><\/h2>\r\n<p><span style=\"font-weight: 400;\">O maior prop\u00f3sito da fam\u00edlia Diamantes \u00e9 transformar vidas e proporcionar independ\u00eancia financeira para as consultoras atrav\u00e9s dos seus produtos. Desde sempre, essa fam\u00edlia foi apaixonada por lingerie. Francisca Vasconcelos, a matriarca, revendia lingeries com a ajuda das suas duas filhas, <a href=\"https:\/\/www.instagram.com\/claudeniaregia\/\">Claud\u00eania R\u00e9gia <\/a><\/span><span style=\"font-weight: 400;\">e Cl\u00e1udia Regina. Com isso, se tornaram as primeiras mulheres a comandar o neg\u00f3cio e construir o sucesso da marca atrav\u00e9s da for\u00e7a e lideran\u00e7a feminina.<\/span><\/p>\r\n<div id=\"attachment_320\" style=\"width: 1034px\" class=\"wp-caption aligncenter\"><img aria-describedby=\"caption-attachment-320\" decoding=\"async\" loading=\"lazy\" class=\"wp-image-320 size-large\" src=\"https:\/\/diamantesl.com\/formen\/wp-content\/uploads\/sites\/2\/2024\/07\/fundadores-1024x545.jpg\" alt=\"\" width=\"1024\" height=\"545\" srcset=\"https:\/\/diamantesl.com\/formen\/wp-content\/uploads\/sites\/2\/2024\/07\/fundadores-1024x545.jpg 1024w, https:\/\/diamantesl.com\/formen\/wp-content\/uploads\/sites\/2\/2024\/07\/fundadores-300x160.jpg 300w, https:\/\/diamantesl.com\/formen\/wp-content\/uploads\/sites\/2\/2024\/07\/fundadores-768x409.jpg 768w, https:\/\/diamantesl.com\/formen\/wp-content\/uploads\/sites\/2\/2024\/07\/fundadores.jpg 1080w\" sizes=\"(max-width: 1024px) 100vw, 1024px\" \/><p id=\"caption-attachment-320\" class=\"wp-caption-text\">Fundadores da Diamantes Lingerie. Da esquerda para a direita: Cl\u00e1udio J\u00fanior, Francisca Vasconcelos e Claud\u00eania R\u00e9gia. (Foto: Diamantes Lingerie)<\/p><\/div>\r\n<p style=\"text-align: left;\"><span style=\"font-weight: 400;\">Junto a elas, o filho de Francisca, <a href=\"https:\/\/www.instagram.com\/jcdiamantes\/\">Cl\u00e1udio J\u00fanior<\/a><\/span><span style=\"font-weight: 400;\">, que trabalhava em uma oficina, abriu m\u00e3o do empreendimento para investir na marca de moda \u00edntima mais admirada do Brasil. <\/span><span style=\"font-weight: 400;\">Hoje, Francisca Vasconcelos e seus dois filhos, Claud\u00eania R\u00e9gia e Cl\u00e1udio J\u00fanior, est\u00e3o \u00e0 frente do Grupo Diamantes, apoiando e incentivando o empreendedorismo brasileiro, contribuindo para que as pessoas realizem os seus sonhos e sejam protagonistas de suas hist\u00f3rias.\u00a0<\/span><\/p>\r\n<h2><b>Embaixadora de Sucesso<\/b><\/h2>\r\n<div id=\"attachment_319\" style=\"width: 1034px\" class=\"wp-caption aligncenter\"><img aria-describedby=\"caption-attachment-319\" decoding=\"async\" loading=\"lazy\" class=\"wp-image-319 size-large\" src=\"https:\/\/diamantesl.com\/formen\/wp-content\/uploads\/sites\/2\/2024\/07\/solange-1024x545.jpg\" alt=\"\" width=\"1024\" height=\"545\" srcset=\"https:\/\/diamantesl.com\/formen\/wp-content\/uploads\/sites\/2\/2024\/07\/solange-1024x545.jpg 1024w, https:\/\/diamantesl.com\/formen\/wp-content\/uploads\/sites\/2\/2024\/07\/solange-300x160.jpg 300w, https:\/\/diamantesl.com\/formen\/wp-content\/uploads\/sites\/2\/2024\/07\/solange-768x409.jpg 768w, https:\/\/diamantesl.com\/formen\/wp-content\/uploads\/sites\/2\/2024\/07\/solange.jpg 1080w\" sizes=\"(max-width: 1024px) 100vw, 1024px\" \/><p id=\"caption-attachment-319\" class=\"wp-caption-text\">Solange Almeida, grande parceira da Diamantes Lingerie. (Foto: Diamantes Lingerie)<\/p><\/div>\r\n<p><span style=\"font-weight: 400;\">H\u00e1 mais de 10 anos, Solange Almeida \u00e9 parceira da Lingerie do Brasil, com seu sorriso e alegria contagiante segue nos representando e sendo porta-voz da marca mundialmente.\u00a0<\/span><\/p>\r\n<p><span style=\"font-weight: 400;\">Em 2010, fez o seu primeiro ensaio em parceria com a Diamantes, na ocasi\u00e3o, a marca participou de um dos momentos mais especiais na vida da cantora: a gesta\u00e7\u00e3o da filha ca\u00e7ula.\u00a0<\/span><\/p>\r\n<p><span style=\"font-weight: 400;\">Nossas grandes campanhas t\u00eam Solange em sua ess\u00eancia por ser m\u00e3e, mulher e s\u00edmbolo de for\u00e7a. Seja no Carnaval, Dia das Mulheres, M\u00e3es, Namorados, Natal ou at\u00e9 no Dia das Crian\u00e7as, onde os produtos de m\u00e3e e filha protagonizam os dias em fam\u00edlia da cantora.<\/span><\/p>\r\n<h2>19 Anos de Sucesso<\/h2>\r\n<p><span style=\"font-weight: 400;\">A Diamantes completa seus 19 anos de hist\u00f3ria. A marca faz parte da vida de fam\u00edlias em todo Brasil. Celebrar o sucesso todos os dias \u00e9 t\u00e3o importante quanto concretiz\u00e1-lo. Afinal, fazer parte da intimidade das fam\u00edlias \u00e9 motivo de orgulho e felicidade.<\/span><\/p>\r\n<p><span style=\"font-weight: 400;\">A Diamantes \u00e9 uma marca especial, feita por pessoas que brilham diferente. Uma equipe apaixonada por realizar sonhos atrav\u00e9s da independ\u00eancia financeira de suas consultoras, combinado \u00e0 sofistica\u00e7\u00e3o e cuidado da moda \u00edntima. Cada consultora e todo colaborador faz parte dessa hist\u00f3ria.\u00a0<\/span><\/p>\r\n<p><iframe loading=\"lazy\" title=\"Diamantes - Institucional\" width=\"1146\" height=\"645\" src=\"https:\/\/www.youtube.com\/embed\/MjF2OvjW7zM?feature=oembed\" frameborder=\"0\" allow=\"accelerometer; autoplay; clipboard-write; encrypted-media; gyroscope; picture-in-picture; web-share\" referrerpolicy=\"strict-origin-when-cross-origin\" allowfullscreen><\/iframe><\/p>\r\n<h2><b>Muitas conquistas<\/b><\/h2>\r\n<p>Em 19 anos, a Diamantes conquistou muitos espa\u00e7os em todo Brasil por oferecer produtos de alta qualidade, sofistica\u00e7\u00e3o e beleza que garantem sucesso de vendas para nossas parceiras de neg\u00f3cio: a Consultora Diamantes. &#8220;Temos planos ousados de crescimento e expans\u00e3o, assim como dar passos largos na abertura de mais lojas. Da mesma forma que desejamos atuar em outras regi\u00f5es do Brasil e tamb\u00e9m no mercado internacional&#8221;, afirma Claud\u00eania.\u00a0<\/p>\r\n<p><iframe loading=\"lazy\" title=\"Diamantes - La\u00e7os 2023\" width=\"1146\" height=\"645\" src=\"https:\/\/www.youtube.com\/embed\/XA9NYfybZZM?feature=oembed\" frameborder=\"0\" allow=\"accelerometer; autoplay; clipboard-write; encrypted-media; gyroscope; picture-in-picture; web-share\" referrerpolicy=\"strict-origin-when-cross-origin\" allowfullscreen><\/iframe><\/p>\r\n<h2>Voc\u00ea deseja fazer parte desse sucesso?<\/h2>\r\n<p><span style=\"font-weight: 400;\">A Diamantes desenvolve produtos com a premissa de oferecer conforto, inova\u00e7\u00e3o, beleza e qualidade para atender as necessidades de toda a fam\u00edlia no dia a dia. Atrav\u00e9s de tecidos e el\u00e1sticos especiais, os produtos Diamantes proporcionam sensa\u00e7\u00e3o de bem-estar o dia todo. Por isso, seja qual for o momento, a Diamantes est\u00e1 com a fam\u00edlia sempre.\u00a0<\/span><\/p>\r\n<p><span style=\"font-weight: 400;\">Por esses motivos, revender Diamantes \u00e9 uma excelente oportunidade para ganhar dinheiro e lucrar muito! A marca disp\u00f5e de um mix de produtos completo, al\u00e9m de serem produzidos <\/span><span style=\"font-weight: 400;\">com alta tecnologia, qualidade e sofistica\u00e7\u00e3o.\u00a0<\/span><\/p>\r\n<p><span style=\"font-weight: 400;\">Quer ganhar dinheiro com a Diamantes e conquistar a sua independ\u00eancia financeira com a Lingerie do Brasil?<\/span><span style=\"font-weight: 400;\"> Ent\u00e3o, <\/span><a href=\"https:\/\/sejaconsultora.diamantesl.com\/\"><span style=\"font-weight: 400;\">cadastre-se agora<\/span><\/a><span style=\"font-weight: 400;\"> e torne-se uma Consultora Diamantes.<\/span><\/p>\r\n<p><iframe loading=\"lazy\" title=\"Hist\u00f3rias Preciosas por Consultoras Diamantes #5\" width=\"1146\" height=\"645\" src=\"https:\/\/www.youtube.com\/embed\/iy-FdZJvSWI?list=PLCIyaS6WRVFY1e03u35IbBr3YcO85YoYL\" frameborder=\"0\" allow=\"accelerometer; autoplay; clipboard-write; encrypted-media; gyroscope; picture-in-picture; web-share\" referrerpolicy=\"strict-origin-when-cross-origin\" allowfullscreen><\/iframe><\/p>\r\n","protected":false},"excerpt":{"rendered":"<p>Fundada em 2005 na cidade de Frecheirinha, no Cear\u00e1, o Grupo Diamantes, orgulhosamente Nordestino, det\u00e9m marcas especialistas em moda \u00edntima, fitness e Beach, com produtos para toda a fam\u00edlia, oferecendo um neg\u00f3cio de sucesso para Consultoras em todo o Brasil.\u00a0 \u00a0Com uma rede de 60 mil consultoras, 5 parques industriais e mais de 50 lojas [&hellip;]<\/p>\n","protected":false},"author":1,"featured_media":245,"parent":0,"menu_order":0,"comment_status":"closed","ping_status":"closed","template":"","meta":[],"yoast_head":"<!-- This site is optimized with the Yoast SEO plugin v18.1 - https:\/\/yoast.com\/wordpress\/plugins\/seo\/ -->\n<meta name=\"description\" content=\"A Diamantes Lingerie, marca especialista no segmento de moda \u00edntima, 100% brasileira, foi fundada em 2005 na cidade de Frecheirinha, interior ... Leia mais.\" \/>\n<meta name=\"robots\" content=\"index, follow, max-snippet:-1, max-image-preview:large, max-video-preview:-1\" \/>\n<link rel=\"canonical\" href=\"https:\/\/diamantesl.com\/formen\/a-diamantes\/\" \/>\n<meta property=\"og:locale\" content=\"pt_BR\" \/>\n<meta property=\"og:type\" content=\"article\" \/>\n<meta property=\"og:title\" content=\"A Diamantes - Diamantes For Men\" \/>\n<meta property=\"og:description\" content=\"A Diamantes Lingerie, marca especialista no segmento de moda \u00edntima, 100% brasileira, foi fundada em 2005 na cidade de Frecheirinha, interior ... Leia mais.\" \/>\n<meta property=\"og:url\" content=\"https:\/\/diamantesl.com\/formen\/a-diamantes\/\" \/>\n<meta property=\"og:site_name\" content=\"Diamantes For Men\" \/>\n<meta property=\"article:modified_time\" content=\"2024-07-23T21:09:31+00:00\" \/>\n<meta property=\"og:image\" content=\"https:\/\/diamantesl.com\/formen\/wp-content\/uploads\/sites\/2\/2020\/11\/capa-do-blog.jpg\" \/>\n\t<meta property=\"og:image:width\" content=\"425\" \/>\n\t<meta property=\"og:image:height\" content=\"265\" \/>\n\t<meta property=\"og:image:type\" content=\"image\/jpeg\" \/>\n<meta name=\"twitter:card\" content=\"summary_large_image\" \/>\n<meta name=\"twitter:label1\" content=\"Est. tempo de leitura\" \/>\n\t<meta name=\"twitter:data1\" content=\"5 minutos\" \/>\n<script type=\"application\/ld+json\" class=\"yoast-schema-graph\">{\"@context\":\"https:\/\/schema.org\",\"@graph\":[{\"@type\":\"WebSite\",\"@id\":\"https:\/\/diamantesl.com\/formen\/#website\",\"url\":\"https:\/\/diamantesl.com\/formen\/\",\"name\":\"Diamantes For Men\",\"description\":\"Seja um consultor e conquiste sua independ\u00eancia financeira!\",\"potentialAction\":[{\"@type\":\"SearchAction\",\"target\":{\"@type\":\"EntryPoint\",\"urlTemplate\":\"https:\/\/diamantesl.com\/formen\/?s={search_term_string}\"},\"query-input\":\"required name=search_term_string\"}],\"inLanguage\":\"pt-BR\"},{\"@type\":\"ImageObject\",\"@id\":\"https:\/\/diamantesl.com\/formen\/a-diamantes\/#primaryimage\",\"inLanguage\":\"pt-BR\",\"url\":\"https:\/\/diamantesl.com\/formen\/wp-content\/uploads\/sites\/2\/2020\/11\/capa-do-blog.jpg\",\"contentUrl\":\"https:\/\/diamantesl.com\/formen\/wp-content\/uploads\/sites\/2\/2020\/11\/capa-do-blog.jpg\",\"width\":425,\"height\":265,\"caption\":\"A Diamantes \u00e9 uma marca 100% brasileira. Todos os produtos s\u00e3o feitos no Brasil e carregam a bandeira personalizada do Brasil. (Foto: Diamantes Lingerie)\"},{\"@type\":\"WebPage\",\"@id\":\"https:\/\/diamantesl.com\/formen\/a-diamantes\/#webpage\",\"url\":\"https:\/\/diamantesl.com\/formen\/a-diamantes\/\",\"name\":\"A Diamantes - Diamantes For Men\",\"isPartOf\":{\"@id\":\"https:\/\/diamantesl.com\/formen\/#website\"},\"primaryImageOfPage\":{\"@id\":\"https:\/\/diamantesl.com\/formen\/a-diamantes\/#primaryimage\"},\"datePublished\":\"2019-03-05T17:34:00+00:00\",\"dateModified\":\"2024-07-23T21:09:31+00:00\",\"description\":\"A Diamantes Lingerie, marca especialista no segmento de moda \u00edntima, 100% brasileira, foi fundada em 2005 na cidade de Frecheirinha, interior ... Leia mais.\",\"breadcrumb\":{\"@id\":\"https:\/\/diamantesl.com\/formen\/a-diamantes\/#breadcrumb\"},\"inLanguage\":\"pt-BR\",\"potentialAction\":[{\"@type\":\"ReadAction\",\"target\":[\"https:\/\/diamantesl.com\/formen\/a-diamantes\/\"]}]},{\"@type\":\"BreadcrumbList\",\"@id\":\"https:\/\/diamantesl.com\/formen\/a-diamantes\/#breadcrumb\",\"itemListElement\":[{\"@type\":\"ListItem\",\"position\":1,\"name\":\"In\u00edcio\",\"item\":\"https:\/\/diamantesl.com\/formen\/\"},{\"@type\":\"ListItem\",\"position\":2,\"name\":\"A Diamantes\"}]}]}<\/script>\n<!-- \/ Yoast SEO plugin. -->","yoast_head_json":{"description":"A Diamantes Lingerie, marca especialista no segmento de moda \u00edntima, 100% brasileira, foi fundada em 2005 na cidade de Frecheirinha, interior ... Leia mais.","robots":{"index":"index","follow":"follow","max-snippet":"max-snippet:-1","max-image-preview":"max-image-preview:large","max-video-preview":"max-video-preview:-1"},"canonical":"https:\/\/diamantesl.com\/formen\/a-diamantes\/","og_locale":"pt_BR","og_type":"article","og_title":"A Diamantes - Diamantes For Men","og_description":"A Diamantes Lingerie, marca especialista no segmento de moda \u00edntima, 100% brasileira, foi fundada em 2005 na cidade de Frecheirinha, interior ... Leia mais.","og_url":"https:\/\/diamantesl.com\/formen\/a-diamantes\/","og_site_name":"Diamantes For Men","article_modified_time":"2024-07-23T21:09:31+00:00","og_image":[{"width":425,"height":265,"url":"https:\/\/diamantesl.com\/formen\/wp-content\/uploads\/sites\/2\/2020\/11\/capa-do-blog.jpg","type":"image\/jpeg"}],"twitter_card":"summary_large_image","twitter_misc":{"Est. tempo de leitura":"5 minutos"},"schema":{"@context":"https:\/\/schema.org","@graph":[{"@type":"WebSite","@id":"https:\/\/diamantesl.com\/formen\/#website","url":"https:\/\/diamantesl.com\/formen\/","name":"Diamantes For Men","description":"Seja um consultor e conquiste sua independ\u00eancia financeira!","potentialAction":[{"@type":"SearchAction","target":{"@type":"EntryPoint","urlTemplate":"https:\/\/diamantesl.com\/formen\/?s={search_term_string}"},"query-input":"required name=search_term_string"}],"inLanguage":"pt-BR"},{"@type":"ImageObject","@id":"https:\/\/diamantesl.com\/formen\/a-diamantes\/#primaryimage","inLanguage":"pt-BR","url":"https:\/\/diamantesl.com\/formen\/wp-content\/uploads\/sites\/2\/2020\/11\/capa-do-blog.jpg","contentUrl":"https:\/\/diamantesl.com\/formen\/wp-content\/uploads\/sites\/2\/2020\/11\/capa-do-blog.jpg","width":425,"height":265,"caption":"A Diamantes \u00e9 uma marca 100% brasileira. Todos os produtos s\u00e3o feitos no Brasil e carregam a bandeira personalizada do Brasil. (Foto: Diamantes Lingerie)"},{"@type":"WebPage","@id":"https:\/\/diamantesl.com\/formen\/a-diamantes\/#webpage","url":"https:\/\/diamantesl.com\/formen\/a-diamantes\/","name":"A Diamantes - Diamantes For Men","isPartOf":{"@id":"https:\/\/diamantesl.com\/formen\/#website"},"primaryImageOfPage":{"@id":"https:\/\/diamantesl.com\/formen\/a-diamantes\/#primaryimage"},"datePublished":"2019-03-05T17:34:00+00:00","dateModified":"2024-07-23T21:09:31+00:00","description":"A Diamantes Lingerie, marca especialista no segmento de moda \u00edntima, 100% brasileira, foi fundada em 2005 na cidade de Frecheirinha, interior ... Leia mais.","breadcrumb":{"@id":"https:\/\/diamantesl.com\/formen\/a-diamantes\/#breadcrumb"},"inLanguage":"pt-BR","potentialAction":[{"@type":"ReadAction","target":["https:\/\/diamantesl.com\/formen\/a-diamantes\/"]}]},{"@type":"BreadcrumbList","@id":"https:\/\/diamantesl.com\/formen\/a-diamantes\/#breadcrumb","itemListElement":[{"@type":"ListItem","position":1,"name":"In\u00edcio","item":"https:\/\/diamantesl.com\/formen\/"},{"@type":"ListItem","position":2,"name":"A Diamantes"}]}]}},"_links":{"self":[{"href":"https:\/\/diamantesl.com\/formen\/wp-json\/wp\/v2\/pages\/6"}],"collection":[{"href":"https:\/\/diamantesl.com\/formen\/wp-json\/wp\/v2\/pages"}],"about":[{"href":"https:\/\/diamantesl.com\/formen\/wp-json\/wp\/v2\/types\/page"}],"author":[{"embeddable":true,"href":"https:\/\/diamantesl.com\/formen\/wp-json\/wp\/v2\/users\/1"}],"replies":[{"embeddable":true,"href":"https:\/\/diamantesl.com\/formen\/wp-json\/wp\/v2\/comments?post=6"}],"version-history":[{"count":101,"href":"https:\/\/diamantesl.com\/formen\/wp-json\/wp\/v2\/pages\/6\/revisions"}],"predecessor-version":[{"id":325,"href":"https:\/\/diamantesl.com\/formen\/wp-json\/wp\/v2\/pages\/6\/revisions\/325"}],"wp:featuredmedia":[{"embeddable":true,"href":"https:\/\/diamantesl.com\/formen\/wp-json\/wp\/v2\/media\/245"}],"wp:attachment":[{"href":"https:\/\/diamantesl.com\/formen\/wp-json\/wp\/v2\/media?parent=6"}],"curies":[{"name":"wp","href":"https:\/\/api.w.org\/{rel}","templated":true}]}}